{"id":800,"date":"2017-02-10T13:35:27","date_gmt":"2017-02-10T12:35:27","guid":{"rendered":"https:\/\/vasterassummermeet.se\/?page_id=800\/"},"modified":"2022-06-09T16:20:00","modified_gmt":"2022-06-09T14:20:00","slug":"communications","status":"publish","type":"page","link":"https:\/\/vasterassummermeet.se\/en\/map\/communications\/","title":{"rendered":"Communications"},"content":{"rendered":"<h2>Elbaboat<img decoding=\"async\" loading=\"lazy\" class=\"size-medium wp-image-675 alignright\" src=\"https:\/\/vasterassummermeet.se\/wp-content\/uploads\/2016\/12\/elba-300x200.jpg\" alt=\"\" width=\"300\" height=\"200\" srcset=\"https:\/\/vasterassummermeet.se\/wp-content\/uploads\/2016\/12\/elba-300x200.jpg 300w, https:\/\/vasterassummermeet.se\/wp-content\/uploads\/2016\/12\/elba-768x512.jpg 768w, https:\/\/vasterassummermeet.se\/wp-content\/uploads\/2016\/12\/elba-1024x683.jpg 1024w, https:\/\/vasterassummermeet.se\/wp-content\/uploads\/2016\/12\/elba-225x150.jpg 225w\" sizes=\"(max-width: 300px) 100vw, 300px\" \/><\/h2>\n<p>Take the Elbaboat from Johannisbergs Camping (L\u00f6vudden) during V\u00e4ster\u00e5s Summet Meet. Enjoy a tour on M\u00e4laren with the 124 years celebration of the Elbaferry from Johannisbergs Camping to the dock located in central V\u00e4ster\u00e5s. With the help of the ferry\u2019s extra tours you will be shipped straight in to the centrum of events during V\u00e4ster\u00e5s Summer Meet.<br \/>\nDuring the V\u00e4ster\u00e5s Summer Meet week (all weekdays) we will be doing standard tours daytime with the for 110 SEK per person and for the extra Summer Meet night tours 80 SEK per person.<\/p>\n<p><img decoding=\"async\" loading=\"lazy\" class=\"alignnone size-medium wp-image-3706\" src=\"https:\/\/vasterassummermeet.se\/wp-content\/uploads\/2022\/06\/elba-ord-212x300.png\" alt=\"\" width=\"212\" height=\"300\" srcset=\"https:\/\/vasterassummermeet.se\/wp-content\/uploads\/2022\/06\/elba-ord-212x300.png 212w, https:\/\/vasterassummermeet.se\/wp-content\/uploads\/2022\/06\/elba-ord-106x150.png 106w, https:\/\/vasterassummermeet.se\/wp-content\/uploads\/2022\/06\/elba-ord.png 495w\" sizes=\"(max-width: 212px) 100vw, 212px\" \/> <img decoding=\"async\" loading=\"lazy\" class=\"alignnone size-medium wp-image-3707\" src=\"https:\/\/vasterassummermeet.se\/wp-content\/uploads\/2022\/06\/elba-vsm-213x300.png\" alt=\"\" width=\"213\" height=\"300\" srcset=\"https:\/\/vasterassummermeet.se\/wp-content\/uploads\/2022\/06\/elba-vsm-213x300.png 213w, https:\/\/vasterassummermeet.se\/wp-content\/uploads\/2022\/06\/elba-vsm-106x150.png 106w, https:\/\/vasterassummermeet.se\/wp-content\/uploads\/2022\/06\/elba-vsm.png 496w\" sizes=\"(max-width: 213px) 100vw, 213px\" \/><\/p>\n<p>&nbsp;<\/p>\n<div class=\"tws-article-description--text ng-binding\"><\/div>\n<div class=\"tws-article-description--text ng-binding\"><\/div>\n","protected":false},"excerpt":{"rendered":"<p>Elbaboat Take the Elbaboat from Johannisbergs Camping (L\u00f6vudden) during V\u00e4ster\u00e5s Summet Meet. Enjoy a tour on M\u00e4laren with the 124 years celebration of the Elbaferry from Johannisbergs Camping to the dock located in central V\u00e4ster\u00e5s. With the help of the ferry\u2019s extra tours you will be shipped straight in to the centrum of events during<\/p>\n","protected":false},"author":2,"featured_media":0,"parent":408,"menu_order":0,"comment_status":"closed","ping_status":"closed","template":"","meta":[],"acf":[],"_links":{"self":[{"href":"https:\/\/vasterassummermeet.se\/en\/wp-json\/wp\/v2\/pages\/800"}],"collection":[{"href":"https:\/\/vasterassummermeet.se\/en\/wp-json\/wp\/v2\/pages"}],"about":[{"href":"https:\/\/vasterassummermeet.se\/en\/wp-json\/wp\/v2\/types\/page"}],"author":[{"embeddable":true,"href":"https:\/\/vasterassummermeet.se\/en\/wp-json\/wp\/v2\/users\/2"}],"replies":[{"embeddable":true,"href":"https:\/\/vasterassummermeet.se\/en\/wp-json\/wp\/v2\/comments?post=800"}],"version-history":[{"count":16,"href":"https:\/\/vasterassummermeet.se\/en\/wp-json\/wp\/v2\/pages\/800\/revisions"}],"predecessor-version":[{"id":3711,"href":"https:\/\/vasterassummermeet.se\/en\/wp-json\/wp\/v2\/pages\/800\/revisions\/3711"}],"up":[{"embeddable":true,"href":"https:\/\/vasterassummermeet.se\/en\/wp-json\/wp\/v2\/pages\/408"}],"wp:attachment":[{"href":"https:\/\/vasterassummermeet.se\/en\/wp-json\/wp\/v2\/media?parent=800"}],"curies":[{"name":"wp","href":"https:\/\/api.w.org\/{rel}","templated":true}]}}