{"id":403,"date":"2016-12-05T10:25:24","date_gmt":"2016-12-05T09:25:24","guid":{"rendered":"https:\/\/vasterassummermeet.se\/?page_id=403\/"},"modified":"2026-01-30T14:59:31","modified_gmt":"2026-01-30T13:59:31","slug":"accomodation","status":"publish","type":"page","link":"https:\/\/vasterassummermeet.se\/en\/accomodation\/","title":{"rendered":"Accomodation"},"content":{"rendered":"<h2>Hotels<\/h2>\n<p><a href=\"mailto:reservation.vasteras@elite.se\">reservation.vasteras@elite.se<\/a>, Elite Stadshotellet V\u00e4ster\u00e5s +46 21\u00a0 10 28 00<br \/>\n<a href=\"https:\/\/www.nordicchoicehotels.se\/clarion\/clarion-collection-hotel-etage\/\">www.nordicchoicehotels.se\/clarion\/clarion-collection-hotel-etage\/<\/a>, Clarion Collection Hotel Etage\u00a0+46 21 15 12 20<br \/>\n<a href=\"https:\/\/www.nordicchoicehotels.se\/hotell\/sverige\/vasteras\/comfort-hotel-vasteras\/\">www.nordicchoicehotels.se\/hotell\/sverige\/vasteras\/comfort-hotel-vasteras\/<\/a>, Comfort Hotel V\u00e4ster\u00e5s +46 21 580 10 10<br \/>\n<a href=\"http:\/\/www.rosenberggard.se\/\">www.rosenberggard.se<\/a>, rooms and cabins<br \/>\n<a href=\"http:\/\/www.stromsholmsvandrarhem.com\">www.stromsholmsvandrarhem.com<\/a>, Str\u00f6msholms Vandrarhem +46 220 437 74<br \/>\n<a href=\"http:\/\/www.skantzen.se\">www.skantzen.se<\/a>, Skantzen Brukshotell +46 220 212 00<br \/>\n<a href=\"http:\/\/www.skultunahotell.se\">www.skultunahotell.se<\/a>, Skultuna Brukshotell +46 21 701 60<br \/>\n<a href=\"http:\/\/www.tallbacka.com\/\">www.tallbacka.com<\/a>, STF Tallbacka, \u00c4ngelsberg +46 70 945 55 57<br \/>\n<a href=\"http:\/\/www.hemtillgarden.se\">www.hemtillgarden.se<\/a>, l\u00e4genheter, Hem till G\u00e5rden + 46 70 228 75 18<br \/>\n<a href=\"http:\/\/www.fallangetorp.se\">www.fallangetorp.se<\/a>, Mellang\u00e5rdens B&amp;B, Krylbo +46 73 091 87 81<br \/>\n<a href=\"http:\/\/www.hotelscheele.se\">www.hotelscheele.se<\/a>, Best Western Hotel Scheele i K\u00f6ping +46 221 181 20<br \/>\n<a href=\"http:\/\/www.oldstationhouse.se\">www.oldstationhouse.se<\/a>, Oldstationhouse B&amp;B i Kungs\u00f6r +46 70 482 69 09<br \/>\n<a href=\"http:\/\/www.hotellarkad.se\">www.hotellarkad.se<\/a>, Hotell Arkad +46 21 12 04 80<br \/>\n<a href=\"http:\/\/www.esplanade.acc.se\/\">www.esplanade.acc.se<\/a>, Best Western Hotel Esplanade +46 21 10 12 00<br \/>\n<a href=\"http:\/\/www.ramnaskonferens.se\">www.ramnaskonferens.se<\/a>, Ramn\u00e4s Hotell &amp; Konferens + 46 220 380 90<br \/>\n<a href=\"http:\/\/www.hotellsilver.se\/\">Hotell Silver i Sala<\/a> +46 224 105 10<br \/>\n<a href=\"https:\/\/ligula.se\/goodmorninghotels\/vasteras\">www.ligula.se\/goodmorninghotels\/vasteras<\/a>, Good Morning V\u00e4ster\u00e5s +46 21 12 02 20<br \/>\n<a href=\"http:\/\/www.rytterne-bob.se\">www.rytterne-bob.se<\/a>, Rytterne Kyrkskola B&amp;B +46 70 820 68 88<br \/>\n<a href=\"http:\/\/www.systemairhallen.se\/\">www.systemairhallen.se<\/a>, Systemairhallen Sports Camp, Skinnskatteberg +46 70 259 72 04<br \/>\n<a href=\"https:\/\/www.scandichotels.se\/hotell\/sverige\/vasteras\/scandic-vasteras?cmpid=ppc_BH2d_bing&amp;mckv=s_dc|pcrid|{creative}|kword|scandic%20hotel%20v\u00e4ster\u00e5s|match|e|plid|{placement}\">www.scandichotels.se\/vasteras<\/a>, Scandic V\u00e4ster\u00e5s +46 21 495 58 00<br \/>\n<a href=\"http:\/\/satrabrunn.se\/\">http:\/\/satrabrunn.se\/<\/a>, S\u00e4tra Brunn H\u00e4lsobrunn Resort, +46 224-546 00<br \/>\n<a href=\"http:\/\/www.roomsupport.se\/\">www.roomsupport.se<\/a> , Room Apartment Hotel, +46 21 101270<br \/>\n<a href=\"http:\/\/www.choice.se\/\">bokning@salasilvergruva.se <\/a>\u00a0Gruvg\u00e5rdens B&amp;B vid Sala Silvergruva, +46 224-677\u00a0260<br \/>\n<a href=\"http:\/\/www.kolbacksgastgivaregard.com\/\">www.kolbacksgastgivaregard.com<\/a>,\u00a0 Kolb\u00e4cks g\u00e4stgiveri<br \/>\n<a href=\"https:\/\/www.q-living.se\/rentals\/project-one-l62el-2nyr8-ssk9h-fdgft\">www.q-living.se<\/a>, Rocklunda Stugby, +46 70 553 37 62<br \/>\n<a href=\"https:\/\/lovuddenstrand.se\/\">https:\/\/lovuddenstrand.se\/<\/a>, L\u00f6vudden Strand vandrarhem, +46 21 18 52 30<br \/>\n<a href=\"https:\/\/www.steamhotel.se\/\">https:\/\/www.steamhotel.se\/<\/a>, Steam hotel, +46 21-475 99 00<br \/>\n<a href=\"http:\/\/www.edensgarden.se\">www.edensgarden.se,<\/a> Edens Garden, +46 70 681 89 87<br \/>\n<a href=\"http:\/\/www.westsura.se\">www.westsura.se<\/a>, Westsura Herrg\u00e5rd, +46 0220-312 30<\/p>\n<h2>Campinggrounds<\/h2>\n<p><a href=\"http:\/\/www.nordiccamping.se\">www.nordiccamping.se<\/a>,\u00a0 M\u00e4larcampingen +46 771-101200<br \/>\n<a href=\"http:\/\/www.vasterascamping.se\/\">www.vasterascamping.se<\/a>,\u00a0 \u00c4ngs\u00f6 +46 171 44 10 43<br \/>\n<a href=\"http:\/\/www.bjornocamping.se\/\">www.bjornocamping.se\/<\/a> +46 70 384 88 42<br \/>\n<a href=\"https:\/\/www.camping.se\/sv\/campingar\/3027\/Skantzo-Bad-och-Camping\/\">Skantz\u00f6 Bad &amp; Camping, Hallstahammar<\/a>\u00a0 +46 220 243 05<br \/>\n<a href=\"https:\/\/www.camping.se\/sv\/campingar\/3032\/Malmons-Camping\/\">Malm\u00f6ns Camping<\/a>, K\u00f6ping\u00a0 +46 221 244 19<br \/>\n<a href=\"http:\/\/www.camping.se\/sv\/campingar\/3023\/Caravan-Club-Silvkoparen\/\">Silvk\u00f6parens camping<\/a>, Sala\u00a0 +46 223 590 30<br \/>\n<a href=\"http:\/\/www.herrfallet.se\">www.herrfallet.se<\/a>,\u00a0 Arboga<br \/>\n<a href=\"http:\/\/www.ekuddenscamping.com\">www.ekuddenscamping.com<\/a>, Kungs\u00f6r<br \/>\n<a href=\"http:\/\/www.norrangen.com\">www.norrangen.com<\/a>,\u00a0 Sala<br \/>\n<u><span style=\"color: #0066cc;\">bokning@salasilvergruva.se <\/span><\/u>\u00a0Gruvg\u00e5rdens B&amp;B vid Sala Silvergruva,\u00a0hotel and parking for campers<br \/>\n<a href=\"http:\/\/www.swenture.se\/\">www.swenture.se<\/a>\u00a0 Surahammar, A different and funny place to stay<a href=\"http:\/\/www.choice.se\/\"><br \/>\n<\/a><\/p>\n<h2>More accomodations<\/h2>\n<p><a href=\"http:\/\/visitvasteras.se\/bo\/\" target=\"_blank\" rel=\"noopener noreferrer\">See more places to stay on the Visit V\u00e4ster\u00e5s webbsite<\/a><\/p>\n<p>&nbsp;<\/p>\n","protected":false},"excerpt":{"rendered":"<p>Hotels reservation.vasteras@elite.se, Elite Stadshotellet V\u00e4ster\u00e5s +46 21\u00a0 10 28 00 www.nordicchoicehotels.se\/clarion\/clarion-collection-hotel-etage\/, Clarion Collection Hotel Etage\u00a0+46 21 15 12 20 www.nordicchoicehotels.se\/hotell\/sverige\/vasteras\/comfort-hotel-vasteras\/, Comfort Hotel V\u00e4ster\u00e5s +46 21 580 10 10 www.rosenberggard.se, rooms and cabins www.stromsholmsvandrarhem.com, Str\u00f6msholms Vandrarhem +46 220 437 74 www.skantzen.se, Skantzen Brukshotell +46 220 212 00 www.skultunahotell.se, Skultuna Brukshotell +46 21 701 60 www.tallbacka.com, STF<\/p>\n","protected":false},"author":2,"featured_media":0,"parent":0,"menu_order":0,"comment_status":"closed","ping_status":"closed","template":"","meta":[],"acf":[],"_links":{"self":[{"href":"https:\/\/vasterassummermeet.se\/en\/wp-json\/wp\/v2\/pages\/403"}],"collection":[{"href":"https:\/\/vasterassummermeet.se\/en\/wp-json\/wp\/v2\/pages"}],"about":[{"href":"https:\/\/vasterassummermeet.se\/en\/wp-json\/wp\/v2\/types\/page"}],"author":[{"embeddable":true,"href":"https:\/\/vasterassummermeet.se\/en\/wp-json\/wp\/v2\/users\/2"}],"replies":[{"embeddable":true,"href":"https:\/\/vasterassummermeet.se\/en\/wp-json\/wp\/v2\/comments?post=403"}],"version-history":[{"count":63,"href":"https:\/\/vasterassummermeet.se\/en\/wp-json\/wp\/v2\/pages\/403\/revisions"}],"predecessor-version":[{"id":5854,"href":"https:\/\/vasterassummermeet.se\/en\/wp-json\/wp\/v2\/pages\/403\/revisions\/5854"}],"wp:attachment":[{"href":"https:\/\/vasterassummermeet.se\/en\/wp-json\/wp\/v2\/media?parent=403"}],"curies":[{"name":"wp","href":"https:\/\/api.w.org\/{rel}","templated":true}]}}