{"id":366,"date":"2016-12-05T09:37:07","date_gmt":"2016-12-05T08:37:07","guid":{"rendered":"https:\/\/vasterassummermeet.se\/?page_id=366\/"},"modified":"2022-01-23T15:21:06","modified_gmt":"2022-01-23T14:21:06","slug":"terms-and-conditions","status":"publish","type":"page","link":"https:\/\/vasterassummermeet.se\/en\/tickets\/terms-and-conditions\/","title":{"rendered":"Terms and conditions"},"content":{"rendered":"<h2>Terms on condition when you buy a ticket<\/h2>\n<h3>General<\/h3>\n<p>V\u00e4ster\u00e5s Summer Meet sells tickets for the event in V\u00e4ster\u00e5s 7-9 of July that take place on Johannisbergs airfield. If you have questions or any claims on the event or its implementation dont hesitate to contact us on info@vasterassummermeet.se or Klas Brink +46 70 420 22 50.<\/p>\n<h3>Terms of condition<\/h3>\n<p>You can regret your booking before you pay it. When you paid your are bound to your obligation. We dont exchange lost tickets and please note that the ticket is only valid once in our system.<\/p>\n<h3>Service and other fees<\/h3>\n<p>In addition to the ticket price we dont charge ant other fees.<\/p>\n<h3>Personal use<\/h3>\n<p>The tickets is only sold for personal use and is not permissible to be sold on commercial basis. You are allowed to transfer the ticket to anybody without notice.<\/p>\n<h3>Purchases, not according to terms of condition<\/h3>\n<p>V\u00e4ster\u00e5s Summer Meet reserve the right to void bookings or buys as well as close down a customer account if the customer dont leave correct data regarding themselves or violates or trying to violate the terms regarding conditions for buying tickets. The same terms in case of buying tickets for commercial use.<\/p>\n<h3>Cancelled event and reimbursement<\/h3>\n<p>The customer is responsible to check if the event is cancelled or moved to another location. If the event is cancelled or moved, the ticketholder have the possibility to get the money back if they contact us at the latest three months after the event should have taken place. Contact us about your claim and give us the accountnumber and other data we need to give you reimbursement. If we dont get that information the customer miss the right to reimbursement. Its V\u00e4ster\u00e5s Summer Meet that answers your questions about the right to get reimbursemant. Contact us on info@vasterassummermeet.se or Klas Brink +46 70 420 22 50.<\/p>\n<p>V\u00e4ster\u00e5s Summer Meet is an event that is organized of Brinkens Garage AB 556711-0985.<\/p>\n","protected":false},"excerpt":{"rendered":"<p>Terms on condition when you buy a ticket General V\u00e4ster\u00e5s Summer Meet sells tickets for the event in V\u00e4ster\u00e5s 7-9 of July that take place on Johannisbergs airfield. If you have questions or any claims on the event or its implementation dont hesitate to contact us on info@vasterassummermeet.se or Klas Brink +46 70 420 22<\/p>\n","protected":false},"author":2,"featured_media":0,"parent":239,"menu_order":0,"comment_status":"closed","ping_status":"closed","template":"","meta":[],"acf":[],"_links":{"self":[{"href":"https:\/\/vasterassummermeet.se\/en\/wp-json\/wp\/v2\/pages\/366"}],"collection":[{"href":"https:\/\/vasterassummermeet.se\/en\/wp-json\/wp\/v2\/pages"}],"about":[{"href":"https:\/\/vasterassummermeet.se\/en\/wp-json\/wp\/v2\/types\/page"}],"author":[{"embeddable":true,"href":"https:\/\/vasterassummermeet.se\/en\/wp-json\/wp\/v2\/users\/2"}],"replies":[{"embeddable":true,"href":"https:\/\/vasterassummermeet.se\/en\/wp-json\/wp\/v2\/comments?post=366"}],"version-history":[{"count":7,"href":"https:\/\/vasterassummermeet.se\/en\/wp-json\/wp\/v2\/pages\/366\/revisions"}],"predecessor-version":[{"id":3597,"href":"https:\/\/vasterassummermeet.se\/en\/wp-json\/wp\/v2\/pages\/366\/revisions\/3597"}],"up":[{"embeddable":true,"href":"https:\/\/vasterassummermeet.se\/en\/wp-json\/wp\/v2\/pages\/239"}],"wp:attachment":[{"href":"https:\/\/vasterassummermeet.se\/en\/wp-json\/wp\/v2\/media?parent=366"}],"curies":[{"name":"wp","href":"https:\/\/api.w.org\/{rel}","templated":true}]}}