{"id":242,"date":"2016-11-29T15:42:29","date_gmt":"2016-11-29T14:42:29","guid":{"rendered":"https:\/\/vasterassummermeet.se\/en\/?page_id=242"},"modified":"2026-03-16T19:36:00","modified_gmt":"2026-03-16T18:36:00","slug":"startsida","status":"publish","type":"page","link":"https:\/\/vasterassummermeet.se\/en\/","title":{"rendered":"Startsida"},"content":{"rendered":"<h2>V\u00e4ster\u00e5s Summer Meet 2-4 July 2026<\/h2>\n<p><strong>Welcome to V\u00e4ster\u00e5s Summer Meet, one of Europe\u2019s biggest car shows, will be held 2-4\/7 2026 in V\u00e4ster\u00e5s.<\/strong>\u00a0<span lang=\"en\"><br \/>\n<\/span><\/p>\n<p>One of the biggest car shows in Europe will be situated on Johannisbergs airfield from Thursday 2\/7 to Saturday 4\/7\u00a0 2026.<br \/>\nThere will be car assessments on the Friday and Saturday in many different categories, which are presented under the activity &#8220;Judging of cars&#8221;. We will of course also have a big swap meet with sellers that represent our car interest and the culture around it. If you want to have a marketplace for selling car related stuff, please contact <a href=\"mailto:info@vasterassummermeet.se\">info@vasterassummermeet.se<\/a><b><\/b><\/p>\n<p>Read more about opening hours, car parks, entrance fee&#8230;&#8230;<\/p>\n<p><a class=\"button button-large\" href=\"https:\/\/vasterassummermeet.se\/en\/about-us\/\">Read more<\/a><\/p>\n","protected":false},"excerpt":{"rendered":"<p>V\u00e4ster\u00e5s Summer Meet 2-4 July 2026 Welcome to V\u00e4ster\u00e5s Summer Meet, one of Europe\u2019s biggest car shows, will be held 2-4\/7 2026 in V\u00e4ster\u00e5s.\u00a0 One of the biggest car shows in Europe will be situated on Johannisbergs airfield from Thursday 2\/7 to Saturday 4\/7\u00a0 2026. There will be car assessments on the Friday and Saturday<\/p>\n","protected":false},"author":2,"featured_media":0,"parent":0,"menu_order":-10,"comment_status":"closed","ping_status":"closed","template":"","meta":[],"acf":[],"_links":{"self":[{"href":"https:\/\/vasterassummermeet.se\/en\/wp-json\/wp\/v2\/pages\/242"}],"collection":[{"href":"https:\/\/vasterassummermeet.se\/en\/wp-json\/wp\/v2\/pages"}],"about":[{"href":"https:\/\/vasterassummermeet.se\/en\/wp-json\/wp\/v2\/types\/page"}],"author":[{"embeddable":true,"href":"https:\/\/vasterassummermeet.se\/en\/wp-json\/wp\/v2\/users\/2"}],"replies":[{"embeddable":true,"href":"https:\/\/vasterassummermeet.se\/en\/wp-json\/wp\/v2\/comments?post=242"}],"version-history":[{"count":53,"href":"https:\/\/vasterassummermeet.se\/en\/wp-json\/wp\/v2\/pages\/242\/revisions"}],"predecessor-version":[{"id":5901,"href":"https:\/\/vasterassummermeet.se\/en\/wp-json\/wp\/v2\/pages\/242\/revisions\/5901"}],"wp:attachment":[{"href":"https:\/\/vasterassummermeet.se\/en\/wp-json\/wp\/v2\/media?parent=242"}],"curies":[{"name":"wp","href":"https:\/\/api.w.org\/{rel}","templated":true}]}}