{"id":1479,"date":"2017-06-26T07:50:13","date_gmt":"2017-06-26T05:50:13","guid":{"rendered":"https:\/\/vasterassummermeet.se\/?page_id=1479\/"},"modified":"2025-06-30T18:17:58","modified_gmt":"2025-06-30T16:17:58","slug":"program","status":"publish","type":"page","link":"https:\/\/vasterassummermeet.se\/en\/program\/","title":{"rendered":"Program"},"content":{"rendered":"<h3 style=\"text-align: center;\">Check out and download our program for V\u00e4ster\u00e5s Summer Meet 2025<br \/>\nto be sure not to miss out on anything!<\/h3>\n<p><img decoding=\"async\" loading=\"lazy\" class=\"alignnone size-large wp-image-5490\" src=\"https:\/\/vasterassummermeet.se\/wp-content\/uploads\/2025\/06\/programmet-1-721x1024.jpg\" alt=\"\" width=\"721\" height=\"1024\" srcset=\"https:\/\/vasterassummermeet.se\/wp-content\/uploads\/2025\/06\/programmet-1-721x1024.jpg 721w, https:\/\/vasterassummermeet.se\/wp-content\/uploads\/2025\/06\/programmet-1-211x300.jpg 211w, https:\/\/vasterassummermeet.se\/wp-content\/uploads\/2025\/06\/programmet-1-768x1091.jpg 768w, https:\/\/vasterassummermeet.se\/wp-content\/uploads\/2025\/06\/programmet-1.jpg 1055w\" sizes=\"(max-width: 721px) 100vw, 721px\" \/><\/p>\n<p>Ladda ner programmet och tidningen som pdf h\u00e4r :<\/p>\n<p><a href=\"https:\/\/vasterassummermeet.se\/wp-content\/uploads\/2025\/06\/Program-1-1.pdf\">Program V\u00e4ster\u00e5s Summer Meet 2025<\/a><\/p>\n<p><a href=\"https:\/\/vasterassummermeet.se\/wp-content\/uploads\/2025\/06\/Vasteras-Summer-Meet_250701.pdf\"><img decoding=\"async\" loading=\"lazy\" class=\"alignnone size-full wp-image-5479\" src=\"https:\/\/vasterassummermeet.se\/wp-content\/uploads\/2025\/06\/cover.png\" alt=\"\" width=\"533\" height=\"793\" srcset=\"https:\/\/vasterassummermeet.se\/wp-content\/uploads\/2025\/06\/cover.png 533w, https:\/\/vasterassummermeet.se\/wp-content\/uploads\/2025\/06\/cover-202x300.png 202w\" sizes=\"(max-width: 533px) 100vw, 533px\" \/><\/a><\/p>\n<p><a href=\"https:\/\/vasterassummermeet.se\/wp-content\/uploads\/2025\/06\/Vasteras-Summer-Meet_250701-1.pdf\">Downlowd full program 2025 PDF<\/a><\/p>\n<p>&nbsp;<\/p>\n<p>&nbsp;<\/p>\n<p>&nbsp;<\/p>\n<p>&nbsp;<\/p>\n","protected":false},"excerpt":{"rendered":"<p>Check out and download our program for V\u00e4ster\u00e5s Summer Meet 2025 to be sure not to miss out on anything! Ladda ner programmet och tidningen som pdf h\u00e4r : Program V\u00e4ster\u00e5s Summer Meet 2025 Downlowd full program 2025 PDF &nbsp; &nbsp; &nbsp; &nbsp;<\/p>\n","protected":false},"author":2,"featured_media":0,"parent":0,"menu_order":10,"comment_status":"closed","ping_status":"closed","template":"","meta":[],"acf":[],"_links":{"self":[{"href":"https:\/\/vasterassummermeet.se\/en\/wp-json\/wp\/v2\/pages\/1479"}],"collection":[{"href":"https:\/\/vasterassummermeet.se\/en\/wp-json\/wp\/v2\/pages"}],"about":[{"href":"https:\/\/vasterassummermeet.se\/en\/wp-json\/wp\/v2\/types\/page"}],"author":[{"embeddable":true,"href":"https:\/\/vasterassummermeet.se\/en\/wp-json\/wp\/v2\/users\/2"}],"replies":[{"embeddable":true,"href":"https:\/\/vasterassummermeet.se\/en\/wp-json\/wp\/v2\/comments?post=1479"}],"version-history":[{"count":35,"href":"https:\/\/vasterassummermeet.se\/en\/wp-json\/wp\/v2\/pages\/1479\/revisions"}],"predecessor-version":[{"id":5496,"href":"https:\/\/vasterassummermeet.se\/en\/wp-json\/wp\/v2\/pages\/1479\/revisions\/5496"}],"wp:attachment":[{"href":"https:\/\/vasterassummermeet.se\/en\/wp-json\/wp\/v2\/media?parent=1479"}],"curies":[{"name":"wp","href":"https:\/\/api.w.org\/{rel}","templated":true}]}}