{"id":1103,"date":"2017-04-07T13:02:07","date_gmt":"2017-04-07T11:02:07","guid":{"rendered":"https:\/\/vasterassummermeet.se\/?page_id=1103\/"},"modified":"2026-05-12T12:02:27","modified_gmt":"2026-05-12T10:02:27","slug":"miss-vasteras-summer-meet-finalists","status":"publish","type":"page","link":"https:\/\/vasterassummermeet.se\/en\/miss-vasteras-summer-meet-finalists\/","title":{"rendered":"Finalists in Miss V\u00e4ster\u00e5s Summer Meet pinup competition 2026"},"content":{"rendered":"<p><strong>We will Crown a Miss V\u00e4ster\u00e5s Summer Meet 2026<\/strong><\/p>\n<p>This 11 girls got the most votes on our voting on the website and they proceeded to the final that is held during the Friday 3\/7 out on Johannisbergs airfield during the car meet V\u00e4ster\u00e5s Summer Meet 2026!<\/p>\n<p>Don\u00b4t miss our &#8220;Meet and greet&#8221; with the finalists in Strip Bar at 1.30 pm, ther you can take the opportunity to talk a bit with the girls and wish your favourite the best of luck.<\/p>\n<p>At 2.30 pm it\u00b4s time for the final at the Big stage. The girls\u00a0compete with clothes, hair and make up, and all of it in retrostyle , and of course, charm!<\/p>\n<p>The Winner of Miss V\u00e4ster\u00e5s Summer Meet 2025 will get a professionally photo shoot and be on next years meet sign and merchandice together with the car that wins Best in show!<\/p>\n<p>&nbsp;<\/p>\n","protected":false},"excerpt":{"rendered":"<p>We will Crown a Miss V\u00e4ster\u00e5s Summer Meet 2026 This 11 girls got the most votes on our voting on the website and they proceeded to the final that is held during the Friday 3\/7 out on Johannisbergs airfield during the car meet V\u00e4ster\u00e5s Summer Meet 2026! Don\u00b4t miss our &#8220;Meet and greet&#8221; with the<\/p>\n","protected":false},"author":2,"featured_media":5699,"parent":0,"menu_order":0,"comment_status":"closed","ping_status":"closed","template":"tpl-rostning-topplista-publik.php","meta":[],"acf":[],"_links":{"self":[{"href":"https:\/\/vasterassummermeet.se\/en\/wp-json\/wp\/v2\/pages\/1103"}],"collection":[{"href":"https:\/\/vasterassummermeet.se\/en\/wp-json\/wp\/v2\/pages"}],"about":[{"href":"https:\/\/vasterassummermeet.se\/en\/wp-json\/wp\/v2\/types\/page"}],"author":[{"embeddable":true,"href":"https:\/\/vasterassummermeet.se\/en\/wp-json\/wp\/v2\/users\/2"}],"replies":[{"embeddable":true,"href":"https:\/\/vasterassummermeet.se\/en\/wp-json\/wp\/v2\/comments?post=1103"}],"version-history":[{"count":96,"href":"https:\/\/vasterassummermeet.se\/en\/wp-json\/wp\/v2\/pages\/1103\/revisions"}],"predecessor-version":[{"id":6031,"href":"https:\/\/vasterassummermeet.se\/en\/wp-json\/wp\/v2\/pages\/1103\/revisions\/6031"}],"wp:featuredmedia":[{"embeddable":true,"href":"https:\/\/vasterassummermeet.se\/en\/wp-json\/wp\/v2\/media\/5699"}],"wp:attachment":[{"href":"https:\/\/vasterassummermeet.se\/en\/wp-json\/wp\/v2\/media?parent=1103"}],"curies":[{"name":"wp","href":"https:\/\/api.w.org\/{rel}","templated":true}]}}